
{"id":1351,"date":"2017-11-10T13:37:09","date_gmt":"2017-11-10T12:37:09","guid":{"rendered":"http:\/\/construccioicontrol.com\/?page_id=1351\/"},"modified":"2024-12-17T17:35:42","modified_gmt":"2024-12-17T16:35:42","slug":"inicio","status":"publish","type":"page","link":"https:\/\/construccioicontrol.com\/es\/inicio\/","title":{"rendered":"Inicio"},"content":{"rendered":"<p><strong>Construcci\u00f3 i Control, S.L.P.<\/strong> ejerce su actividad en el \u00e1mbito de las acciones que tienen como finalidad dar servicio al sector de la construcci\u00f3n, colaborando con sus clientes en todos los trabajos relacionados con el tiempo, el coste y la calidad, en los procesos de elaboraci\u00f3n del proyecto, en el control de ejecuci\u00f3n de su producci\u00f3n o en el mantenimiento de la obra acabada.<\/p>\n","protected":false},"excerpt":{"rendered":"<p>Construcci\u00f3 i Control, S.L.P. ejerce su actividad en el \u00e1mbito de las acciones que tienen como finalidad dar servicio al sector de la construcci\u00f3n, colaborando con sus clientes en todos los trabajos relacionados con el tiempo, el coste y la calidad, en los procesos de elaboraci\u00f3n del proyecto, en el control de ejecuci\u00f3n de su [&hellip;]<\/p>\n","protected":false},"author":6,"featured_media":969,"parent":0,"menu_order":0,"comment_status":"closed","ping_status":"closed","template":"page-inicio.php","meta":{"footnotes":""},"class_list":["post-1351","page","type-page","status-publish","has-post-thumbnail","hentry"],"_links":{"self":[{"href":"https:\/\/construccioicontrol.com\/es\/wp-json\/wp\/v2\/pages\/1351","targetHints":{"allow":["GET"]}}],"collection":[{"href":"https:\/\/construccioicontrol.com\/es\/wp-json\/wp\/v2\/pages"}],"about":[{"href":"https:\/\/construccioicontrol.com\/es\/wp-json\/wp\/v2\/types\/page"}],"author":[{"embeddable":true,"href":"https:\/\/construccioicontrol.com\/es\/wp-json\/wp\/v2\/users\/6"}],"replies":[{"embeddable":true,"href":"https:\/\/construccioicontrol.com\/es\/wp-json\/wp\/v2\/comments?post=1351"}],"version-history":[{"count":3,"href":"https:\/\/construccioicontrol.com\/es\/wp-json\/wp\/v2\/pages\/1351\/revisions"}],"predecessor-version":[{"id":1764,"href":"https:\/\/construccioicontrol.com\/es\/wp-json\/wp\/v2\/pages\/1351\/revisions\/1764"}],"wp:featuredmedia":[{"embeddable":true,"href":"https:\/\/construccioicontrol.com\/es\/wp-json\/wp\/v2\/media\/969"}],"wp:attachment":[{"href":"https:\/\/construccioicontrol.com\/es\/wp-json\/wp\/v2\/media?parent=1351"}],"curies":[{"name":"wp","href":"https:\/\/api.w.org\/{rel}","templated":true}]}}