
{"id":1430,"date":"2017-07-14T23:44:32","date_gmt":"2017-07-14T22:44:32","guid":{"rendered":"http:\/\/construccioicontrol.com\/?page_id=1430"},"modified":"2023-03-10T15:58:24","modified_gmt":"2023-03-10T14:58:24","slug":"servicios-2","status":"publish","type":"page","link":"https:\/\/construccioicontrol.com\/es\/servicios-2\/","title":{"rendered":"Servicios"},"content":{"rendered":"<h3>\u00c1REA DE COSTES<\/h3>\n<p><strong>Coste previo.<\/strong><br \/>\n<strong>Coste estad\u00edstico.<\/strong><br \/>\n<strong>Coste estimativo: mediciones y presupuestos.<\/strong><br \/>\n<strong>Redacci\u00f3n de pliegos de condiciones t\u00e9cnicas.<\/strong><br \/>\n<strong>Auditor\u00edas\u00a0de mediciones, costes y pliegos.<\/strong><br \/>\n<strong>Mediciones de modelos BIM.<\/strong><\/p>\n<h3>\u00c1REA DE SEGURIDAD Y SALUD<\/h3>\n<p><strong>Estudios de seguridad y salud.<\/strong><br \/>\n<strong>Coordinaci\u00f3n de seguridad en fase de proyecto y en fase de ejecuci\u00f3n.<\/strong><\/p>\n<h3>\u00c1REA DE DIRECCI\u00d3N DE EJECUCI\u00d3N<\/h3>\n<p><strong>Direcci\u00f3n de ejecuci\u00f3n de obra.<\/strong><br \/>\n<strong> Programas de control de calidad oficial y ampliados.<\/strong><\/p>\n<h3>\u00c1REA TECNOL\u00d3GICA<\/h3>\n<p><strong>Auditor\u00edas t\u00e9cnicas de proyecto y de producci\u00f3n de obra.<br \/>\nDiagnosis previa a las obras de refuerzo y consolidaci\u00f3n.<br \/>\nObras de refuerzo y consolidaci\u00f3n.<br \/>\nPrediagnosis del estado de fachadas y elementos exteriores.<br \/>\nC\u00e1lculo de estructuras.<br \/>\nInspecci\u00f3n y comprobaci\u00f3n de instalaciones.<\/strong><br \/>\n<strong>Auditor\u00edas de modelos BIM.<\/strong><br \/>\n<strong><strong>Levantamientos en Revit.<\/strong><\/strong><\/p>\n<p>            <div class=\"btn\">\n                <div class=\"texto\"><a target=\"_blank\" href=\"https:\/\/construccioicontrol.com\/wp-content\/uploads\/2018\/02\/Inspeccio_tecnica_ITE-CAST.pdf\">ITE<\/a><\/div>\n                <div class=\"thub\">\n                    <a target=\"_blank\" href=\"https:\/\/construccioicontrol.com\/wp-content\/uploads\/2018\/02\/Inspeccio_tecnica_ITE-CAST.pdf\">\n                        <img decoding=\"async\" src=\"https:\/\/construccioicontrol.com\/wp-content\/themes\/construcontrol\/images\/icon-descargar.png\">\n                    <\/a>\n                    <\/div>\n            <\/div>\n            <strong>Inspecci\u00f3n t\u00e9cnica de edificios I.T.E.<\/strong><\/p>\n<p>Resumen informativo del DECRETO 187\/2010, de 23 de Noviembre, que regula la inspecci\u00f3n t\u00e9cnica de los edificios. Vigente y obligatorio desde el d\u00eda 28 de Febrero de 2011.<br \/>\nEl Decreto tiene por objeto regular las inspecciones t\u00e9cnicas que deben llevarse a cabo para garantizar los niveles de calidad exigibles a los edificios de viviendas.<\/p>\n<p>            <div class=\"btn\">\n                <div class=\"texto\"><a target=\"_blank\" href=\"https:\/\/construccioicontrol.com\/wp-content\/uploads\/2018\/02\/Llibre_edif.-V120171113-CAST.pdf\">LIBRO DEL EDIFICIO<\/a><\/div>\n                <div class=\"thub\">\n                    <a target=\"_blank\" href=\"https:\/\/construccioicontrol.com\/wp-content\/uploads\/2018\/02\/Llibre_edif.-V120171113-CAST.pdf\">\n                        <img decoding=\"async\" src=\"https:\/\/construccioicontrol.com\/wp-content\/themes\/construcontrol\/images\/icon-descargar.png\">\n                    <\/a>\n                    <\/div>\n            <\/div>\n            <strong>Libro del edificio\u00a0y Programa de conservaci\u00f3n<\/strong><\/p>\n<p style=\"text-align: justify;\">Resumen informativo del DECRETO 206\/1992, de 1 de Septiembre, por el que se regula el Libro del Edificio (DOGC n\u00fam. 1654, de 07 de Octubre de 1992), y se crea el Programa para la revisi\u00f3n del estado de conservaci\u00f3n de los edificios de viviendas.<\/p>\n<p>            <div class=\"btn\">\n                <div class=\"texto\"><a target=\"_blank\" href=\"https:\/\/construccioicontrol.com\/wp-content\/uploads\/2017\/07\/Manual_CEE_131009.compressed-BAJA.pdf\">CERT. ENERG\u00c9TICA<\/a><\/div>\n                <div class=\"thub\">\n                    <a target=\"_blank\" href=\"https:\/\/construccioicontrol.com\/wp-content\/uploads\/2017\/07\/Manual_CEE_131009.compressed-BAJA.pdf\">\n                        <img decoding=\"async\" src=\"https:\/\/construccioicontrol.com\/wp-content\/themes\/construcontrol\/images\/icon-descargar.png\">\n                    <\/a>\n                    <\/div>\n            <\/div>\n            <strong>Certificaciones energ\u00e9ticas de viviendas y edificios.<\/strong><\/p>\n<p>Resumen informativo del DECRETO 206\/1992, de 1 de Septiembre, por el que se regula el Libro del Edificio (DOGC n\u00fam. 1654, de 07 de Octubre de 1992), y se crea el Programa para la revisi\u00f3n del estado de conservaci\u00f3n de los edificios de viviendas.<\/p>\n<p><strong>Auditor\u00edas energ\u00e9ticas de viviendas y edificios.<\/strong><br \/>\n<strong>Estudios de gesti\u00f3n de residuos.<\/strong><br \/>\n<strong>Informes, dict\u00e1menes y certificaciones.<\/strong><br \/>\n<strong>Asesor\u00edas t\u00e9cnicas.<\/strong><br \/>\n<strong>Certificados y c\u00e9dulas de habitabilidad.<\/strong><\/p>\n<h3>\u00c1REA DE GESTI\u00d3N<\/h3>\n<p><strong>An\u00e1lisis del producto &#8211; Programaci\u00f3n Master Plan.<\/strong><br \/>\n<strong>An\u00e1lisis de viabilidad econ\u00f3mica.<\/strong><br \/>\n<strong>Contrataci\u00f3n y coordinaci\u00f3n de t\u00e9cnicos y asistencias.<\/strong><br \/>\n<strong>Coordinaci\u00f3n de proyectos.<\/strong><br \/>\n<strong>Asesor\u00eda t\u00e9cnica de proyecto.<\/strong><br \/>\n<strong>Coste estad\u00edstico y previo.<\/strong><br \/>\n<strong>An\u00e1lisis de mantenimiento.<\/strong><br \/>\n<strong>Tramitaciones de proyectos.<\/strong><br \/>\n<strong>Planificaci\u00f3n y seguimiento de la obra.<\/strong><br \/>\n<strong>Contrataci\u00f3n por industriales.<\/strong><br \/>\n<strong>Comparativos de presupuestos.<\/strong><br \/>\n<strong>Tramitaci\u00f3n de inicio de obra.<\/strong><br \/>\n<strong>Informe de adjudicaci\u00f3n.<\/strong><br \/>\n<strong>Seguimiento funcional del proyecto.<\/strong><br \/>\n<strong>Coordinaci\u00f3n t\u00e9cnica y de producci\u00f3n.<\/strong><br \/>\n<strong>Administraci\u00f3n general de la promoci\u00f3n.<\/strong><br \/>\n<strong>Propuestas de ampliaci\u00f3n y modificaci\u00f3n de proyectos.<\/strong><br \/>\n<strong>Seguimiento t\u00e9cnico de post venta.<\/strong><br \/>\n<strong>Tramitaciones de obra.<\/strong><\/p>\n<h3>\u00c0REA DE COSTOS<\/h3>\n<p><strong>Cost previ.<\/strong><br \/>\n<strong> Cost estad\u00edstic.<\/strong><br \/>\n<strong> Confecci\u00f3 de cost estimatiu: amidaments i pressupostos.<\/strong><br \/>\n<strong> Confecci\u00f3 de plecs de condicions t\u00e8cniques.<\/strong><br \/>\n<strong> Auditories d&#8217;amidaments, costos i plecs.<\/strong><br \/>\n<strong>Amidaments de models BIM.<\/strong><\/p>\n<h3>\u00c0REA DE SEGURETAT I SALUT<\/h3>\n<p><strong>Estudis de seguretat i salut.<\/strong><br \/>\n<strong> Coordinaci\u00f3 de seguretat en fase de projecte i en fase d&#8217;execuci\u00f3.<\/strong><\/p>\n<h3>\u00c0REA DE DIRECCI\u00d3 EXECUTIVA<\/h3>\n<p><strong>Direcci\u00f3 d&#8217;execuci\u00f3 d&#8217;obra.<\/strong><br \/>\n<strong> Programes de control de qualitat oficial i ampliat.<\/strong><\/p>\n<h3>\u00c0REA TECNOL\u00d2GICA<\/h3>\n<p><strong>Auditories t\u00e8cniques de projecte i de producci\u00f3 d\u2019obra.<\/strong><br \/>\n<strong>Diagnosi pr\u00e8via a les obres de refor\u00e7 i consolidaci\u00f3.<\/strong><br \/>\n<strong>Obres de refor\u00e7 i consolidaci\u00f3.<\/strong><br \/>\n<strong>Prediagnosi de l\u2019estat de fa\u00e7anes i elements exteriors.<\/strong><br \/>\n<strong>C\u00e0lcul d\u2019estructures.<\/strong><br \/>\n<strong>Inspecci\u00f3 i comprovaci\u00f3 d\u2019instal\u00b7lacions.<\/strong><br \/>\n<strong>Auditories de models BIM.<\/strong><br \/>\n<strong>Aixecaments en Revit.<\/strong><\/p>\n<p>            <div class=\"btn\">\n                <div class=\"texto\"><a target=\"_blank\" href=\"https:\/\/construccioicontrol.com\/wp-content\/uploads\/2018\/02\/Inspeccio_tecnica_ITE-CAT.pdf\">ITE<\/a><\/div>\n                <div class=\"thub\">\n                    <a target=\"_blank\" href=\"https:\/\/construccioicontrol.com\/wp-content\/uploads\/2018\/02\/Inspeccio_tecnica_ITE-CAT.pdf\">\n                        <img decoding=\"async\" src=\"https:\/\/construccioicontrol.com\/wp-content\/themes\/construcontrol\/images\/icon-descargar.png\">\n                    <\/a>\n                    <\/div>\n            <\/div>\n            <strong>Inspecci\u00f3 t\u00e8cnica d\u2019edificis I.T.E.<\/strong><\/p>\n<p>Resum informatiu del DECRET 187\/2010, de 23 de novembre, que regula la<br \/>\ninspecci\u00f3 t\u00e8cnica dels edificis. Vigent i obligatori des del dia 28 de febrer de 2011.<br \/>\nEl Decret t\u00e9 per objecte regular les inspeccions t\u00e8cniques que cal dur a terme per<br \/>\ngarantir els nivells de qualitat exigibles als edificis d\u2019habitatges.<\/p>\n<p>            <div class=\"btn\">\n                <div class=\"texto\"><a target=\"_blank\" href=\"https:\/\/construccioicontrol.com\/wp-content\/uploads\/2018\/02\/Llibre_edif.-V120171113-CAT.pdf\">LLIBRE EDIFICI<\/a><\/div>\n                <div class=\"thub\">\n                    <a target=\"_blank\" href=\"https:\/\/construccioicontrol.com\/wp-content\/uploads\/2018\/02\/Llibre_edif.-V120171113-CAT.pdf\">\n                        <img decoding=\"async\" src=\"https:\/\/construccioicontrol.com\/wp-content\/themes\/construcontrol\/images\/icon-descargar.png\">\n                    <\/a>\n                    <\/div>\n            <\/div>\n            <strong>Llibre de l\u2019edifici i Programa de conservaci\u00f3<\/strong><\/p>\n<p>Resum informatiu del DECRET 206\/1992, d\u20191 de setembre, pel qual es regula el<br \/>\nLlibre de l\u2019Edifici (DOGC n\u00fam. 1654, de 07 d\u2019octubre de 1992), i es crea el Programa<br \/>\nper a la revisi\u00f3 de l\u2019estat de conservaci\u00f3 dels edificis d\u2019habitatges.<\/p>\n<p>            <div class=\"btn\">\n                <div class=\"texto\"><a target=\"_blank\" href=\"https:\/\/construccioicontrol.com\/wp-content\/uploads\/2017\/07\/Manual_CEE_131009.compressed-BAJA.pdf\">CERT. ENERG\u00c8TICA<\/a><\/div>\n                <div class=\"thub\">\n                    <a target=\"_blank\" href=\"https:\/\/construccioicontrol.com\/wp-content\/uploads\/2017\/07\/Manual_CEE_131009.compressed-BAJA.pdf\">\n                        <img decoding=\"async\" src=\"https:\/\/construccioicontrol.com\/wp-content\/themes\/construcontrol\/images\/icon-descargar.png\">\n                    <\/a>\n                    <\/div>\n            <\/div>\n            <br \/>\n<strong>Certificacions energ\u00e8tiques d&#8217;habitatges i edificis.<\/strong><\/p>\n<p>Resum informatiu del DECRET 206\/1992, d\u20191 de setembre, pel qual es regula el<br \/>\nLlibre de l\u2019Edifici (DOGC n\u00fam. 1654, de 07 d\u2019octubre de 1992), i es crea el Programa<br \/>\nper a la revisi\u00f3 de l\u2019estat de conservaci\u00f3 dels edificis d\u2019habitatges.<\/p>\n<p><strong>Auditories energ\u00e8tiques d&#8217;habitatges i edificis.<\/strong><br \/>\n<strong>Estudis de gesti\u00f3 de residus.<\/strong><br \/>\n<strong>Informes, dict\u00e0mens i certificacions.<\/strong><br \/>\n<strong>Assessories t\u00e8cniques.<\/strong><br \/>\n<strong>Certificats i c\u00e8dules d&#8217;habitabilitat.<\/strong><\/p>\n<h3>\u00c0REA DE GESTI\u00d3<\/h3>\n<p><strong>An\u00e0lisi del producte \u2013 Programaci\u00f3 M\u00e0ster Plan.<\/strong><br \/>\n<strong> An\u00e0lisi de viabilitat econ\u00f2mica.<\/strong><br \/>\n<strong> Contractaci\u00f3 i coordinaci\u00f3 de t\u00e8cnics i assist\u00e8ncies.<\/strong><br \/>\n<strong> Coordinaci\u00f3 de projectes.<\/strong><br \/>\n<strong> Assessoria t\u00e8cnica de projecte.<\/strong><br \/>\n<strong> Cost estad\u00edstic i previ.<\/strong><br \/>\n<strong> An\u00e0lisi de manteniment.<\/strong><br \/>\n<strong> Tramitacions de projecte.<\/strong><br \/>\n<strong> Planificaci\u00f3 i seguiment de l\u2019obra.<\/strong><br \/>\n<strong> Contractaci\u00f3 per rams.<\/strong><br \/>\n<strong> Comparatius.<\/strong><br \/>\n<strong> Tramitaci\u00f3 d&#8217;inici d&#8217;obra.<\/strong><br \/>\n<strong> Informe d&#8217;adjudicaci\u00f3.<\/strong><br \/>\n<strong> Seguiment funcional del projecte.<\/strong><br \/>\n<strong> Coordinaci\u00f3 t\u00e8cnica i de producci\u00f3.<\/strong><br \/>\n<strong> Administraci\u00f3 general de la promoci\u00f3.<\/strong><br \/>\n<strong> Propostes d&#8217;ampliaci\u00f3 i modificaci\u00f3 de projectes.<\/strong><br \/>\n<strong> Seguiment t\u00e8cnic de postvenda.<\/strong><br \/>\n<strong> Tramitacions d\u2019obra.<\/strong><\/p>\n<h3>\u00c1REA DE MANTENIMIENTO<\/h3>\n<p><strong>Redacci\u00f3n del Plan de mantenimiento.<\/strong><br \/>\n<strong>Contrataci\u00f3n de industriales.<\/strong><br \/>\n<strong>Seguimiento y aprobaci\u00f3n de los trabajos.<\/strong><br \/>\n<strong>Seguimiento del Plan de mantenimiento.<\/strong><\/p>\n","protected":false},"excerpt":{"rendered":"<p>\u00c1REA DE COSTES Coste previo. Coste estad\u00edstico. Coste estimativo: mediciones y presupuestos. Redacci\u00f3n de pliegos de condiciones t\u00e9cnicas. Auditor\u00edas\u00a0de mediciones, costes y pliegos. Mediciones de modelos BIM. \u00c1REA DE SEGURIDAD Y SALUD Estudios de seguridad y salud. Coordinaci\u00f3n de seguridad en fase de proyecto y en fase de ejecuci\u00f3n. \u00c1REA DE DIRECCI\u00d3N DE EJECUCI\u00d3N Direcci\u00f3n [&hellip;]<\/p>\n","protected":false},"author":6,"featured_media":0,"parent":0,"menu_order":0,"comment_status":"closed","ping_status":"open","template":"page-slider.php","meta":{"footnotes":""},"class_list":["post-1430","page","type-page","status-publish","hentry"],"_links":{"self":[{"href":"https:\/\/construccioicontrol.com\/es\/wp-json\/wp\/v2\/pages\/1430","targetHints":{"allow":["GET"]}}],"collection":[{"href":"https:\/\/construccioicontrol.com\/es\/wp-json\/wp\/v2\/pages"}],"about":[{"href":"https:\/\/construccioicontrol.com\/es\/wp-json\/wp\/v2\/types\/page"}],"author":[{"embeddable":true,"href":"https:\/\/construccioicontrol.com\/es\/wp-json\/wp\/v2\/users\/6"}],"replies":[{"embeddable":true,"href":"https:\/\/construccioicontrol.com\/es\/wp-json\/wp\/v2\/comments?post=1430"}],"version-history":[{"count":40,"href":"https:\/\/construccioicontrol.com\/es\/wp-json\/wp\/v2\/pages\/1430\/revisions"}],"predecessor-version":[{"id":3948,"href":"https:\/\/construccioicontrol.com\/es\/wp-json\/wp\/v2\/pages\/1430\/revisions\/3948"}],"wp:attachment":[{"href":"https:\/\/construccioicontrol.com\/es\/wp-json\/wp\/v2\/media?parent=1430"}],"curies":[{"name":"wp","href":"https:\/\/api.w.org\/{rel}","templated":true}]}}